{"id":4906,"date":"2024-07-12T13:49:44","date_gmt":"2024-07-12T11:49:44","guid":{"rendered":"https:\/\/www.eglantine-creations.com\/?post_type=product&#038;p=4906"},"modified":"2024-08-06T12:10:17","modified_gmt":"2024-08-06T10:10:17","slug":"lionne","status":"publish","type":"product","link":"https:\/\/www.eglantine-creations.com\/de\/produit\/lionne\/","title":{"rendered":"Lionne"},"content":{"rendered":"<p>Coloris : ivoire Taille : du 34 au 74 <br \/> Bol\u00e9ro et la\u00e7age fournis<\/p>\n","protected":false},"excerpt":{"rendered":"<p>Une robe \u00e0 l\u2019esprit champ\u00eatre toute en douceur et en originalit\u00e9. Son bustier corset \u00e0 d\u00e9collet\u00e9 droit \u00e9voque la belle lingerie tandis que la jupe fluide apporte du mouvement. R\u00e9alis\u00e9e dans une dentelle v\u00e9g\u00e9tale, Lionne se compl\u00e8te d\u2019un bol\u00e9ro en dentelle \u00e0 nouer dans le dos.<\/p>\n","protected":false},"featured_media":5317,"template":"","meta":[],"product_cat":[59],"product_tag":[],"acf":[],"yoast_head":"<!-- This site is optimized with the Yoast SEO plugin v20.3 - https:\/\/yoast.com\/wordpress\/plugins\/seo\/ -->\n<title>Lionne - eglantine-creations<\/title>\n<meta name=\"robots\" content=\"index, follow, max-snippet:-1, max-image-preview:large, max-video-preview:-1\" \/>\n<link rel=\"canonical\" href=\"https:\/\/www.eglantine-creations.com\/de\/produit\/lionne\/\" \/>\n<meta property=\"og:locale\" content=\"de_DE\" \/>\n<meta property=\"og:type\" content=\"article\" \/>\n<meta property=\"og:title\" content=\"Lionne - eglantine-creations\" \/>\n<meta property=\"og:description\" content=\"Une robe \u00e0 l\u2019esprit champ\u00eatre toute en douceur et en originalit\u00e9. Son bustier corset \u00e0 d\u00e9collet\u00e9 droit \u00e9voque la belle lingerie tandis que la jupe fluide apporte du mouvement. R\u00e9alis\u00e9e dans une dentelle v\u00e9g\u00e9tale, Lionne se compl\u00e8te d\u2019un bol\u00e9ro en dentelle \u00e0 nouer dans le dos.\" \/>\n<meta property=\"og:url\" content=\"https:\/\/www.eglantine-creations.com\/de\/produit\/lionne\/\" \/>\n<meta property=\"og:site_name\" content=\"eglantine-creations\" \/>\n<meta property=\"article:modified_time\" content=\"2024-08-06T10:10:17+00:00\" \/>\n<meta property=\"og:image\" content=\"https:\/\/www.eglantine-creations.com\/wp-content\/uploads\/sites\/3\/2024\/07\/LIONNE_7716-BDef.jpg\" \/>\n\t<meta property=\"og:image:width\" content=\"2186\" \/>\n\t<meta property=\"og:image:height\" content=\"3277\" \/>\n\t<meta property=\"og:image:type\" content=\"image\/jpeg\" \/>\n<meta name=\"twitter:card\" content=\"summary_large_image\" \/>\n<meta name=\"twitter:label1\" content=\"Gesch\u00e4tzte Lesezeit\" \/>\n\t<meta name=\"twitter:data1\" content=\"1\u00a0Minute\" \/>\n<script type=\"application\/ld+json\" class=\"yoast-schema-graph\">{\"@context\":\"https:\/\/schema.org\",\"@graph\":[{\"@type\":\"WebPage\",\"@id\":\"https:\/\/www.eglantine-creations.com\/de\/produit\/lionne\/\",\"url\":\"https:\/\/www.eglantine-creations.com\/de\/produit\/lionne\/\",\"name\":\"Lionne - eglantine-creations\",\"isPartOf\":{\"@id\":\"https:\/\/www.eglantine-creations.com\/de\/#website\"},\"datePublished\":\"2024-07-12T11:49:44+00:00\",\"dateModified\":\"2024-08-06T10:10:17+00:00\",\"breadcrumb\":{\"@id\":\"https:\/\/www.eglantine-creations.com\/de\/produit\/lionne\/#breadcrumb\"},\"inLanguage\":\"de\",\"potentialAction\":[{\"@type\":\"ReadAction\",\"target\":[\"https:\/\/www.eglantine-creations.com\/de\/produit\/lionne\/\"]}]},{\"@type\":\"BreadcrumbList\",\"@id\":\"https:\/\/www.eglantine-creations.com\/de\/produit\/lionne\/#breadcrumb\",\"itemListElement\":[{\"@type\":\"ListItem\",\"position\":1,\"name\":\"Accueil\",\"item\":\"https:\/\/www.eglantine-creations.com\/de\/\"},{\"@type\":\"ListItem\",\"position\":2,\"name\":\"Lionne\"}]},{\"@type\":\"WebSite\",\"@id\":\"https:\/\/www.eglantine-creations.com\/de\/#website\",\"url\":\"https:\/\/www.eglantine-creations.com\/de\/\",\"name\":\"eglantine-creations\",\"description\":\"Un site utilisant Les sites d'\u00c9glantine Mariages Cr\u00e9ations\",\"publisher\":{\"@id\":\"https:\/\/www.eglantine-creations.com\/de\/#organization\"},\"potentialAction\":[{\"@type\":\"SearchAction\",\"target\":{\"@type\":\"EntryPoint\",\"urlTemplate\":\"https:\/\/www.eglantine-creations.com\/de\/?s={search_term_string}\"},\"query-input\":\"required name=search_term_string\"}],\"inLanguage\":\"de\"},{\"@type\":\"Organization\",\"@id\":\"https:\/\/www.eglantine-creations.com\/de\/#organization\",\"name\":\"eglantine-creations\",\"url\":\"https:\/\/www.eglantine-creations.com\/de\/\",\"logo\":{\"@type\":\"ImageObject\",\"inLanguage\":\"de\",\"@id\":\"https:\/\/www.eglantine-creations.com\/de\/#\/schema\/logo\/image\/\",\"url\":\"https:\/\/www.eglantine-creations.com\/wp-content\/uploads\/sites\/3\/2022\/09\/eglantine-creations.svg\",\"contentUrl\":\"https:\/\/www.eglantine-creations.com\/wp-content\/uploads\/sites\/3\/2022\/09\/eglantine-creations.svg\",\"width\":1187,\"height\":400,\"caption\":\"eglantine-creations\"},\"image\":{\"@id\":\"https:\/\/www.eglantine-creations.com\/de\/#\/schema\/logo\/image\/\"}}]}<\/script>\n<!-- \/ Yoast SEO plugin. -->","yoast_head_json":{"title":"Lionne - eglantine-creations","robots":{"index":"index","follow":"follow","max-snippet":"max-snippet:-1","max-image-preview":"max-image-preview:large","max-video-preview":"max-video-preview:-1"},"canonical":"https:\/\/www.eglantine-creations.com\/de\/produit\/lionne\/","og_locale":"de_DE","og_type":"article","og_title":"Lionne - eglantine-creations","og_description":"Une robe \u00e0 l\u2019esprit champ\u00eatre toute en douceur et en originalit\u00e9. Son bustier corset \u00e0 d\u00e9collet\u00e9 droit \u00e9voque la belle lingerie tandis que la jupe fluide apporte du mouvement. R\u00e9alis\u00e9e dans une dentelle v\u00e9g\u00e9tale, Lionne se compl\u00e8te d\u2019un bol\u00e9ro en dentelle \u00e0 nouer dans le dos.","og_url":"https:\/\/www.eglantine-creations.com\/de\/produit\/lionne\/","og_site_name":"eglantine-creations","article_modified_time":"2024-08-06T10:10:17+00:00","og_image":[{"width":2186,"height":3277,"url":"https:\/\/www.eglantine-creations.com\/wp-content\/uploads\/sites\/3\/2024\/07\/LIONNE_7716-BDef.jpg","type":"image\/jpeg"}],"twitter_card":"summary_large_image","twitter_misc":{"Gesch\u00e4tzte Lesezeit":"1\u00a0Minute"},"schema":{"@context":"https:\/\/schema.org","@graph":[{"@type":"WebPage","@id":"https:\/\/www.eglantine-creations.com\/de\/produit\/lionne\/","url":"https:\/\/www.eglantine-creations.com\/de\/produit\/lionne\/","name":"Lionne - eglantine-creations","isPartOf":{"@id":"https:\/\/www.eglantine-creations.com\/de\/#website"},"datePublished":"2024-07-12T11:49:44+00:00","dateModified":"2024-08-06T10:10:17+00:00","breadcrumb":{"@id":"https:\/\/www.eglantine-creations.com\/de\/produit\/lionne\/#breadcrumb"},"inLanguage":"de","potentialAction":[{"@type":"ReadAction","target":["https:\/\/www.eglantine-creations.com\/de\/produit\/lionne\/"]}]},{"@type":"BreadcrumbList","@id":"https:\/\/www.eglantine-creations.com\/de\/produit\/lionne\/#breadcrumb","itemListElement":[{"@type":"ListItem","position":1,"name":"Accueil","item":"https:\/\/www.eglantine-creations.com\/de\/"},{"@type":"ListItem","position":2,"name":"Lionne"}]},{"@type":"WebSite","@id":"https:\/\/www.eglantine-creations.com\/de\/#website","url":"https:\/\/www.eglantine-creations.com\/de\/","name":"eglantine-creations","description":"Un site utilisant Les sites d'\u00c9glantine Mariages Cr\u00e9ations","publisher":{"@id":"https:\/\/www.eglantine-creations.com\/de\/#organization"},"potentialAction":[{"@type":"SearchAction","target":{"@type":"EntryPoint","urlTemplate":"https:\/\/www.eglantine-creations.com\/de\/?s={search_term_string}"},"query-input":"required name=search_term_string"}],"inLanguage":"de"},{"@type":"Organization","@id":"https:\/\/www.eglantine-creations.com\/de\/#organization","name":"eglantine-creations","url":"https:\/\/www.eglantine-creations.com\/de\/","logo":{"@type":"ImageObject","inLanguage":"de","@id":"https:\/\/www.eglantine-creations.com\/de\/#\/schema\/logo\/image\/","url":"https:\/\/www.eglantine-creations.com\/wp-content\/uploads\/sites\/3\/2022\/09\/eglantine-creations.svg","contentUrl":"https:\/\/www.eglantine-creations.com\/wp-content\/uploads\/sites\/3\/2022\/09\/eglantine-creations.svg","width":1187,"height":400,"caption":"eglantine-creations"},"image":{"@id":"https:\/\/www.eglantine-creations.com\/de\/#\/schema\/logo\/image\/"}}]}},"_links":{"self":[{"href":"https:\/\/www.eglantine-creations.com\/de\/wp-json\/wp\/v2\/product\/4906"}],"collection":[{"href":"https:\/\/www.eglantine-creations.com\/de\/wp-json\/wp\/v2\/product"}],"about":[{"href":"https:\/\/www.eglantine-creations.com\/de\/wp-json\/wp\/v2\/types\/product"}],"wp:featuredmedia":[{"embeddable":true,"href":"https:\/\/www.eglantine-creations.com\/de\/wp-json\/wp\/v2\/media\/5317"}],"wp:attachment":[{"href":"https:\/\/www.eglantine-creations.com\/de\/wp-json\/wp\/v2\/media?parent=4906"}],"wp:term":[{"taxonomy":"product_cat","embeddable":true,"href":"https:\/\/www.eglantine-creations.com\/de\/wp-json\/wp\/v2\/product_cat?post=4906"},{"taxonomy":"product_tag","embeddable":true,"href":"https:\/\/www.eglantine-creations.com\/de\/wp-json\/wp\/v2\/product_tag?post=4906"}],"curies":[{"name":"wp","href":"https:\/\/api.w.org\/{rel}","templated":true}]}}