{"id":4940,"date":"2024-07-15T09:03:32","date_gmt":"2024-07-15T07:03:32","guid":{"rendered":"https:\/\/www.eglantine-creations.com\/?post_type=product&#038;p=4940"},"modified":"2024-08-06T11:53:24","modified_gmt":"2024-08-06T09:53:24","slug":"legere","status":"publish","type":"product","link":"https:\/\/www.eglantine-creations.com\/de\/produit\/legere\/","title":{"rendered":"L\u00e9g\u00e8re"},"content":{"rendered":"<p>Coloris : ivoire I blanc Taille : du 34 au 62<\/p>\n","protected":false},"excerpt":{"rendered":"<p>Une robe iconique et romantique \u00e0 la jupe ample en dentelle dont la taille est marqu\u00e9e par une ceinture pliss\u00e9e. Le corsage laisse deviner la peau sous la dentelle qui s\u2019\u00e9gare jusqu\u2019aux petites manches dans un bel effet tattoo.<\/p>\n","protected":false},"featured_media":5014,"template":"","meta":[],"product_cat":[59],"product_tag":[],"acf":[],"yoast_head":"<!-- This site is optimized with the Yoast SEO plugin v20.3 - https:\/\/yoast.com\/wordpress\/plugins\/seo\/ -->\n<title>L\u00e9g\u00e8re - eglantine-creations<\/title>\n<meta name=\"robots\" content=\"index, follow, max-snippet:-1, max-image-preview:large, max-video-preview:-1\" \/>\n<link rel=\"canonical\" href=\"https:\/\/www.eglantine-creations.com\/de\/produit\/legere\/\" \/>\n<meta property=\"og:locale\" content=\"de_DE\" \/>\n<meta property=\"og:type\" content=\"article\" \/>\n<meta property=\"og:title\" content=\"L\u00e9g\u00e8re - eglantine-creations\" \/>\n<meta property=\"og:description\" content=\"Une robe iconique et romantique \u00e0 la jupe ample en dentelle dont la taille est marqu\u00e9e par une ceinture pliss\u00e9e. Le corsage laisse deviner la peau sous la dentelle qui s\u2019\u00e9gare jusqu\u2019aux petites manches dans un bel effet tattoo.\" \/>\n<meta property=\"og:url\" content=\"https:\/\/www.eglantine-creations.com\/de\/produit\/legere\/\" \/>\n<meta property=\"og:site_name\" content=\"eglantine-creations\" \/>\n<meta property=\"article:modified_time\" content=\"2024-08-06T09:53:24+00:00\" \/>\n<meta property=\"og:image\" content=\"https:\/\/www.eglantine-creations.com\/wp-content\/uploads\/sites\/3\/2024\/07\/LEGERE_6863-BDef-scaled.jpg\" \/>\n\t<meta property=\"og:image:width\" content=\"2668\" \/>\n\t<meta property=\"og:image:height\" content=\"4000\" \/>\n\t<meta property=\"og:image:type\" content=\"image\/jpeg\" \/>\n<meta name=\"twitter:card\" content=\"summary_large_image\" \/>\n<meta name=\"twitter:label1\" content=\"Gesch\u00e4tzte Lesezeit\" \/>\n\t<meta name=\"twitter:data1\" content=\"1\u00a0Minute\" \/>\n<script type=\"application\/ld+json\" class=\"yoast-schema-graph\">{\"@context\":\"https:\/\/schema.org\",\"@graph\":[{\"@type\":\"WebPage\",\"@id\":\"https:\/\/www.eglantine-creations.com\/de\/produit\/legere\/\",\"url\":\"https:\/\/www.eglantine-creations.com\/de\/produit\/legere\/\",\"name\":\"L\u00e9g\u00e8re - eglantine-creations\",\"isPartOf\":{\"@id\":\"https:\/\/www.eglantine-creations.com\/de\/#website\"},\"datePublished\":\"2024-07-15T07:03:32+00:00\",\"dateModified\":\"2024-08-06T09:53:24+00:00\",\"breadcrumb\":{\"@id\":\"https:\/\/www.eglantine-creations.com\/de\/produit\/legere\/#breadcrumb\"},\"inLanguage\":\"de\",\"potentialAction\":[{\"@type\":\"ReadAction\",\"target\":[\"https:\/\/www.eglantine-creations.com\/de\/produit\/legere\/\"]}]},{\"@type\":\"BreadcrumbList\",\"@id\":\"https:\/\/www.eglantine-creations.com\/de\/produit\/legere\/#breadcrumb\",\"itemListElement\":[{\"@type\":\"ListItem\",\"position\":1,\"name\":\"Accueil\",\"item\":\"https:\/\/www.eglantine-creations.com\/de\/\"},{\"@type\":\"ListItem\",\"position\":2,\"name\":\"L\u00e9g\u00e8re\"}]},{\"@type\":\"WebSite\",\"@id\":\"https:\/\/www.eglantine-creations.com\/de\/#website\",\"url\":\"https:\/\/www.eglantine-creations.com\/de\/\",\"name\":\"eglantine-creations\",\"description\":\"Un site utilisant Les sites d'\u00c9glantine Mariages Cr\u00e9ations\",\"publisher\":{\"@id\":\"https:\/\/www.eglantine-creations.com\/de\/#organization\"},\"potentialAction\":[{\"@type\":\"SearchAction\",\"target\":{\"@type\":\"EntryPoint\",\"urlTemplate\":\"https:\/\/www.eglantine-creations.com\/de\/?s={search_term_string}\"},\"query-input\":\"required name=search_term_string\"}],\"inLanguage\":\"de\"},{\"@type\":\"Organization\",\"@id\":\"https:\/\/www.eglantine-creations.com\/de\/#organization\",\"name\":\"eglantine-creations\",\"url\":\"https:\/\/www.eglantine-creations.com\/de\/\",\"logo\":{\"@type\":\"ImageObject\",\"inLanguage\":\"de\",\"@id\":\"https:\/\/www.eglantine-creations.com\/de\/#\/schema\/logo\/image\/\",\"url\":\"https:\/\/www.eglantine-creations.com\/wp-content\/uploads\/sites\/3\/2022\/09\/eglantine-creations.svg\",\"contentUrl\":\"https:\/\/www.eglantine-creations.com\/wp-content\/uploads\/sites\/3\/2022\/09\/eglantine-creations.svg\",\"width\":1187,\"height\":400,\"caption\":\"eglantine-creations\"},\"image\":{\"@id\":\"https:\/\/www.eglantine-creations.com\/de\/#\/schema\/logo\/image\/\"}}]}<\/script>\n<!-- \/ Yoast SEO plugin. -->","yoast_head_json":{"title":"L\u00e9g\u00e8re - eglantine-creations","robots":{"index":"index","follow":"follow","max-snippet":"max-snippet:-1","max-image-preview":"max-image-preview:large","max-video-preview":"max-video-preview:-1"},"canonical":"https:\/\/www.eglantine-creations.com\/de\/produit\/legere\/","og_locale":"de_DE","og_type":"article","og_title":"L\u00e9g\u00e8re - eglantine-creations","og_description":"Une robe iconique et romantique \u00e0 la jupe ample en dentelle dont la taille est marqu\u00e9e par une ceinture pliss\u00e9e. Le corsage laisse deviner la peau sous la dentelle qui s\u2019\u00e9gare jusqu\u2019aux petites manches dans un bel effet tattoo.","og_url":"https:\/\/www.eglantine-creations.com\/de\/produit\/legere\/","og_site_name":"eglantine-creations","article_modified_time":"2024-08-06T09:53:24+00:00","og_image":[{"width":2668,"height":4000,"url":"https:\/\/www.eglantine-creations.com\/wp-content\/uploads\/sites\/3\/2024\/07\/LEGERE_6863-BDef-scaled.jpg","type":"image\/jpeg"}],"twitter_card":"summary_large_image","twitter_misc":{"Gesch\u00e4tzte Lesezeit":"1\u00a0Minute"},"schema":{"@context":"https:\/\/schema.org","@graph":[{"@type":"WebPage","@id":"https:\/\/www.eglantine-creations.com\/de\/produit\/legere\/","url":"https:\/\/www.eglantine-creations.com\/de\/produit\/legere\/","name":"L\u00e9g\u00e8re - eglantine-creations","isPartOf":{"@id":"https:\/\/www.eglantine-creations.com\/de\/#website"},"datePublished":"2024-07-15T07:03:32+00:00","dateModified":"2024-08-06T09:53:24+00:00","breadcrumb":{"@id":"https:\/\/www.eglantine-creations.com\/de\/produit\/legere\/#breadcrumb"},"inLanguage":"de","potentialAction":[{"@type":"ReadAction","target":["https:\/\/www.eglantine-creations.com\/de\/produit\/legere\/"]}]},{"@type":"BreadcrumbList","@id":"https:\/\/www.eglantine-creations.com\/de\/produit\/legere\/#breadcrumb","itemListElement":[{"@type":"ListItem","position":1,"name":"Accueil","item":"https:\/\/www.eglantine-creations.com\/de\/"},{"@type":"ListItem","position":2,"name":"L\u00e9g\u00e8re"}]},{"@type":"WebSite","@id":"https:\/\/www.eglantine-creations.com\/de\/#website","url":"https:\/\/www.eglantine-creations.com\/de\/","name":"eglantine-creations","description":"Un site utilisant Les sites d'\u00c9glantine Mariages Cr\u00e9ations","publisher":{"@id":"https:\/\/www.eglantine-creations.com\/de\/#organization"},"potentialAction":[{"@type":"SearchAction","target":{"@type":"EntryPoint","urlTemplate":"https:\/\/www.eglantine-creations.com\/de\/?s={search_term_string}"},"query-input":"required name=search_term_string"}],"inLanguage":"de"},{"@type":"Organization","@id":"https:\/\/www.eglantine-creations.com\/de\/#organization","name":"eglantine-creations","url":"https:\/\/www.eglantine-creations.com\/de\/","logo":{"@type":"ImageObject","inLanguage":"de","@id":"https:\/\/www.eglantine-creations.com\/de\/#\/schema\/logo\/image\/","url":"https:\/\/www.eglantine-creations.com\/wp-content\/uploads\/sites\/3\/2022\/09\/eglantine-creations.svg","contentUrl":"https:\/\/www.eglantine-creations.com\/wp-content\/uploads\/sites\/3\/2022\/09\/eglantine-creations.svg","width":1187,"height":400,"caption":"eglantine-creations"},"image":{"@id":"https:\/\/www.eglantine-creations.com\/de\/#\/schema\/logo\/image\/"}}]}},"_links":{"self":[{"href":"https:\/\/www.eglantine-creations.com\/de\/wp-json\/wp\/v2\/product\/4940"}],"collection":[{"href":"https:\/\/www.eglantine-creations.com\/de\/wp-json\/wp\/v2\/product"}],"about":[{"href":"https:\/\/www.eglantine-creations.com\/de\/wp-json\/wp\/v2\/types\/product"}],"wp:featuredmedia":[{"embeddable":true,"href":"https:\/\/www.eglantine-creations.com\/de\/wp-json\/wp\/v2\/media\/5014"}],"wp:attachment":[{"href":"https:\/\/www.eglantine-creations.com\/de\/wp-json\/wp\/v2\/media?parent=4940"}],"wp:term":[{"taxonomy":"product_cat","embeddable":true,"href":"https:\/\/www.eglantine-creations.com\/de\/wp-json\/wp\/v2\/product_cat?post=4940"},{"taxonomy":"product_tag","embeddable":true,"href":"https:\/\/www.eglantine-creations.com\/de\/wp-json\/wp\/v2\/product_tag?post=4940"}],"curies":[{"name":"wp","href":"https:\/\/api.w.org\/{rel}","templated":true}]}}