{"id":6439,"date":"2025-08-05T10:00:27","date_gmt":"2025-08-05T08:00:27","guid":{"rendered":"https:\/\/www.eglantine-creations.com\/produit\/begonia\/"},"modified":"2025-10-20T11:02:00","modified_gmt":"2025-10-20T09:02:00","slug":"robe-de-mariee-begonia","status":"publish","type":"product","link":"https:\/\/www.eglantine-creations.com\/de\/produit\/robe-de-mariee-begonia\/","title":{"rendered":"Begonia"},"content":{"rendered":"<p>Coloris : ivoire. Tailles : du 34 au 70<\/p>\n","protected":false},"excerpt":{"rendered":"<p>Le bustier court et pliss\u00e9 au d\u00e9collet\u00e9 \u00ab Bardot \u00bb allonge le buste et fait le charme de cette robe en satin \u00e0 la ligne nette et sobre. Rehauss\u00e9es de dentelle 3D, les bretelles ajoutent une touche de sophistication pour une allure chic et unique. Voile assorti vendu s\u00e9par\u00e9ment.<\/p>\n","protected":false},"featured_media":6443,"template":"","meta":[],"product_cat":[59],"product_tag":[],"acf":[],"yoast_head":"<!-- This site is optimized with the Yoast SEO plugin v20.3 - https:\/\/yoast.com\/wordpress\/plugins\/seo\/ -->\n<title>Begonia - eglantine-creations<\/title>\n<meta name=\"robots\" content=\"index, follow, max-snippet:-1, max-image-preview:large, max-video-preview:-1\" \/>\n<link rel=\"canonical\" href=\"https:\/\/www.eglantine-creations.com\/de\/produit\/robe-de-mariee-begonia\/\" \/>\n<meta property=\"og:locale\" content=\"de_DE\" \/>\n<meta property=\"og:type\" content=\"article\" \/>\n<meta property=\"og:title\" content=\"Begonia - eglantine-creations\" \/>\n<meta property=\"og:description\" content=\"Le bustier court et pliss\u00e9 au d\u00e9collet\u00e9 \u00ab Bardot \u00bb allonge le buste et fait le charme de cette robe en satin \u00e0 la ligne nette et sobre. Rehauss\u00e9es de dentelle 3D, les bretelles ajoutent une touche de sophistication pour une allure chic et unique. Voile assorti vendu s\u00e9par\u00e9ment.\" \/>\n<meta property=\"og:url\" content=\"https:\/\/www.eglantine-creations.com\/de\/produit\/robe-de-mariee-begonia\/\" \/>\n<meta property=\"og:site_name\" content=\"eglantine-creations\" \/>\n<meta property=\"article:modified_time\" content=\"2025-10-20T09:02:00+00:00\" \/>\n<meta property=\"og:image\" content=\"https:\/\/www.eglantine-creations.com\/wp-content\/uploads\/sites\/3\/2025\/08\/BEGONIA-3873-scaled.jpg\" \/>\n\t<meta property=\"og:image:width\" content=\"2668\" \/>\n\t<meta property=\"og:image:height\" content=\"4000\" \/>\n\t<meta property=\"og:image:type\" content=\"image\/jpeg\" \/>\n<meta name=\"twitter:card\" content=\"summary_large_image\" \/>\n<meta name=\"twitter:label1\" content=\"Gesch\u00e4tzte Lesezeit\" \/>\n\t<meta name=\"twitter:data1\" content=\"1\u00a0Minute\" \/>\n<script type=\"application\/ld+json\" class=\"yoast-schema-graph\">{\"@context\":\"https:\/\/schema.org\",\"@graph\":[{\"@type\":\"WebPage\",\"@id\":\"https:\/\/www.eglantine-creations.com\/de\/produit\/robe-de-mariee-begonia\/\",\"url\":\"https:\/\/www.eglantine-creations.com\/de\/produit\/robe-de-mariee-begonia\/\",\"name\":\"Begonia - eglantine-creations\",\"isPartOf\":{\"@id\":\"https:\/\/www.eglantine-creations.com\/de\/#website\"},\"datePublished\":\"2025-08-05T08:00:27+00:00\",\"dateModified\":\"2025-10-20T09:02:00+00:00\",\"breadcrumb\":{\"@id\":\"https:\/\/www.eglantine-creations.com\/de\/produit\/robe-de-mariee-begonia\/#breadcrumb\"},\"inLanguage\":\"de\",\"potentialAction\":[{\"@type\":\"ReadAction\",\"target\":[\"https:\/\/www.eglantine-creations.com\/de\/produit\/robe-de-mariee-begonia\/\"]}]},{\"@type\":\"BreadcrumbList\",\"@id\":\"https:\/\/www.eglantine-creations.com\/de\/produit\/robe-de-mariee-begonia\/#breadcrumb\",\"itemListElement\":[{\"@type\":\"ListItem\",\"position\":1,\"name\":\"Accueil\",\"item\":\"https:\/\/www.eglantine-creations.com\/de\/\"},{\"@type\":\"ListItem\",\"position\":2,\"name\":\"Begonia\"}]},{\"@type\":\"WebSite\",\"@id\":\"https:\/\/www.eglantine-creations.com\/de\/#website\",\"url\":\"https:\/\/www.eglantine-creations.com\/de\/\",\"name\":\"eglantine-creations\",\"description\":\"Un site utilisant Les sites d'\u00c9glantine Mariages Cr\u00e9ations\",\"publisher\":{\"@id\":\"https:\/\/www.eglantine-creations.com\/de\/#organization\"},\"potentialAction\":[{\"@type\":\"SearchAction\",\"target\":{\"@type\":\"EntryPoint\",\"urlTemplate\":\"https:\/\/www.eglantine-creations.com\/de\/?s={search_term_string}\"},\"query-input\":\"required name=search_term_string\"}],\"inLanguage\":\"de\"},{\"@type\":\"Organization\",\"@id\":\"https:\/\/www.eglantine-creations.com\/de\/#organization\",\"name\":\"eglantine-creations\",\"url\":\"https:\/\/www.eglantine-creations.com\/de\/\",\"logo\":{\"@type\":\"ImageObject\",\"inLanguage\":\"de\",\"@id\":\"https:\/\/www.eglantine-creations.com\/de\/#\/schema\/logo\/image\/\",\"url\":\"https:\/\/www.eglantine-creations.com\/wp-content\/uploads\/sites\/3\/2022\/09\/eglantine-creations.svg\",\"contentUrl\":\"https:\/\/www.eglantine-creations.com\/wp-content\/uploads\/sites\/3\/2022\/09\/eglantine-creations.svg\",\"width\":1187,\"height\":400,\"caption\":\"eglantine-creations\"},\"image\":{\"@id\":\"https:\/\/www.eglantine-creations.com\/de\/#\/schema\/logo\/image\/\"}}]}<\/script>\n<!-- \/ Yoast SEO plugin. -->","yoast_head_json":{"title":"Begonia - eglantine-creations","robots":{"index":"index","follow":"follow","max-snippet":"max-snippet:-1","max-image-preview":"max-image-preview:large","max-video-preview":"max-video-preview:-1"},"canonical":"https:\/\/www.eglantine-creations.com\/de\/produit\/robe-de-mariee-begonia\/","og_locale":"de_DE","og_type":"article","og_title":"Begonia - eglantine-creations","og_description":"Le bustier court et pliss\u00e9 au d\u00e9collet\u00e9 \u00ab Bardot \u00bb allonge le buste et fait le charme de cette robe en satin \u00e0 la ligne nette et sobre. Rehauss\u00e9es de dentelle 3D, les bretelles ajoutent une touche de sophistication pour une allure chic et unique. Voile assorti vendu s\u00e9par\u00e9ment.","og_url":"https:\/\/www.eglantine-creations.com\/de\/produit\/robe-de-mariee-begonia\/","og_site_name":"eglantine-creations","article_modified_time":"2025-10-20T09:02:00+00:00","og_image":[{"width":2668,"height":4000,"url":"https:\/\/www.eglantine-creations.com\/wp-content\/uploads\/sites\/3\/2025\/08\/BEGONIA-3873-scaled.jpg","type":"image\/jpeg"}],"twitter_card":"summary_large_image","twitter_misc":{"Gesch\u00e4tzte Lesezeit":"1\u00a0Minute"},"schema":{"@context":"https:\/\/schema.org","@graph":[{"@type":"WebPage","@id":"https:\/\/www.eglantine-creations.com\/de\/produit\/robe-de-mariee-begonia\/","url":"https:\/\/www.eglantine-creations.com\/de\/produit\/robe-de-mariee-begonia\/","name":"Begonia - eglantine-creations","isPartOf":{"@id":"https:\/\/www.eglantine-creations.com\/de\/#website"},"datePublished":"2025-08-05T08:00:27+00:00","dateModified":"2025-10-20T09:02:00+00:00","breadcrumb":{"@id":"https:\/\/www.eglantine-creations.com\/de\/produit\/robe-de-mariee-begonia\/#breadcrumb"},"inLanguage":"de","potentialAction":[{"@type":"ReadAction","target":["https:\/\/www.eglantine-creations.com\/de\/produit\/robe-de-mariee-begonia\/"]}]},{"@type":"BreadcrumbList","@id":"https:\/\/www.eglantine-creations.com\/de\/produit\/robe-de-mariee-begonia\/#breadcrumb","itemListElement":[{"@type":"ListItem","position":1,"name":"Accueil","item":"https:\/\/www.eglantine-creations.com\/de\/"},{"@type":"ListItem","position":2,"name":"Begonia"}]},{"@type":"WebSite","@id":"https:\/\/www.eglantine-creations.com\/de\/#website","url":"https:\/\/www.eglantine-creations.com\/de\/","name":"eglantine-creations","description":"Un site utilisant Les sites d'\u00c9glantine Mariages Cr\u00e9ations","publisher":{"@id":"https:\/\/www.eglantine-creations.com\/de\/#organization"},"potentialAction":[{"@type":"SearchAction","target":{"@type":"EntryPoint","urlTemplate":"https:\/\/www.eglantine-creations.com\/de\/?s={search_term_string}"},"query-input":"required name=search_term_string"}],"inLanguage":"de"},{"@type":"Organization","@id":"https:\/\/www.eglantine-creations.com\/de\/#organization","name":"eglantine-creations","url":"https:\/\/www.eglantine-creations.com\/de\/","logo":{"@type":"ImageObject","inLanguage":"de","@id":"https:\/\/www.eglantine-creations.com\/de\/#\/schema\/logo\/image\/","url":"https:\/\/www.eglantine-creations.com\/wp-content\/uploads\/sites\/3\/2022\/09\/eglantine-creations.svg","contentUrl":"https:\/\/www.eglantine-creations.com\/wp-content\/uploads\/sites\/3\/2022\/09\/eglantine-creations.svg","width":1187,"height":400,"caption":"eglantine-creations"},"image":{"@id":"https:\/\/www.eglantine-creations.com\/de\/#\/schema\/logo\/image\/"}}]}},"_links":{"self":[{"href":"https:\/\/www.eglantine-creations.com\/de\/wp-json\/wp\/v2\/product\/6439"}],"collection":[{"href":"https:\/\/www.eglantine-creations.com\/de\/wp-json\/wp\/v2\/product"}],"about":[{"href":"https:\/\/www.eglantine-creations.com\/de\/wp-json\/wp\/v2\/types\/product"}],"wp:featuredmedia":[{"embeddable":true,"href":"https:\/\/www.eglantine-creations.com\/de\/wp-json\/wp\/v2\/media\/6443"}],"wp:attachment":[{"href":"https:\/\/www.eglantine-creations.com\/de\/wp-json\/wp\/v2\/media?parent=6439"}],"wp:term":[{"taxonomy":"product_cat","embeddable":true,"href":"https:\/\/www.eglantine-creations.com\/de\/wp-json\/wp\/v2\/product_cat?post=6439"},{"taxonomy":"product_tag","embeddable":true,"href":"https:\/\/www.eglantine-creations.com\/de\/wp-json\/wp\/v2\/product_tag?post=6439"}],"curies":[{"name":"wp","href":"https:\/\/api.w.org\/{rel}","templated":true}]}}