{"id":6630,"date":"2025-08-05T09:00:36","date_gmt":"2025-08-05T07:00:36","guid":{"rendered":"https:\/\/www.eglantine-creations.com\/produit\/boreal\/"},"modified":"2025-10-20T11:06:10","modified_gmt":"2025-10-20T09:06:10","slug":"robe-de-mariee-boreal","status":"publish","type":"product","link":"https:\/\/www.eglantine-creations.com\/de\/produit\/robe-de-mariee-boreal\/","title":{"rendered":"Bor\u00e9al"},"content":{"rendered":"<p>Coloris : ivoire-rose pale, ivoire, blanc. Tailles : du 34 au 70<\/p>\n","protected":false},"excerpt":{"rendered":"<p>Beaucoup de raffinement pour cette robe \u00e0 la jupe l\u00e9g\u00e8re en tulle et au bustier en dentelle enti\u00e8rement brod\u00e9e de perles. Les \u00e9paules sont couvertes et le d\u00e9collet\u00e9 plongeant devant et au dos. Une robe romantique qui met en valeur toutes les silhouettes.<\/p>\n","protected":false},"featured_media":6631,"template":"","meta":[],"product_cat":[59],"product_tag":[],"acf":[],"yoast_head":"<!-- This site is optimized with the Yoast SEO plugin v20.3 - https:\/\/yoast.com\/wordpress\/plugins\/seo\/ -->\n<title>Bor\u00e9al - eglantine-creations<\/title>\n<meta name=\"robots\" content=\"index, follow, max-snippet:-1, max-image-preview:large, max-video-preview:-1\" \/>\n<link rel=\"canonical\" href=\"https:\/\/www.eglantine-creations.com\/de\/produit\/robe-de-mariee-boreal\/\" \/>\n<meta property=\"og:locale\" content=\"de_DE\" \/>\n<meta property=\"og:type\" content=\"article\" \/>\n<meta property=\"og:title\" content=\"Bor\u00e9al - eglantine-creations\" \/>\n<meta property=\"og:description\" content=\"Beaucoup de raffinement pour cette robe \u00e0 la jupe l\u00e9g\u00e8re en tulle et au bustier en dentelle enti\u00e8rement brod\u00e9e de perles. Les \u00e9paules sont couvertes et le d\u00e9collet\u00e9 plongeant devant et au dos. Une robe romantique qui met en valeur toutes les silhouettes.\" \/>\n<meta property=\"og:url\" content=\"https:\/\/www.eglantine-creations.com\/de\/produit\/robe-de-mariee-boreal\/\" \/>\n<meta property=\"og:site_name\" content=\"eglantine-creations\" \/>\n<meta property=\"article:modified_time\" content=\"2025-10-20T09:06:10+00:00\" \/>\n<meta property=\"og:image\" content=\"https:\/\/www.eglantine-creations.com\/wp-content\/uploads\/sites\/3\/2025\/08\/BOREAL-2370-scaled.jpg\" \/>\n\t<meta property=\"og:image:width\" content=\"2668\" \/>\n\t<meta property=\"og:image:height\" content=\"4000\" \/>\n\t<meta property=\"og:image:type\" content=\"image\/jpeg\" \/>\n<meta name=\"twitter:card\" content=\"summary_large_image\" \/>\n<meta name=\"twitter:label1\" content=\"Gesch\u00e4tzte Lesezeit\" \/>\n\t<meta name=\"twitter:data1\" content=\"1\u00a0Minute\" \/>\n<script type=\"application\/ld+json\" class=\"yoast-schema-graph\">{\"@context\":\"https:\/\/schema.org\",\"@graph\":[{\"@type\":\"WebPage\",\"@id\":\"https:\/\/www.eglantine-creations.com\/de\/produit\/robe-de-mariee-boreal\/\",\"url\":\"https:\/\/www.eglantine-creations.com\/de\/produit\/robe-de-mariee-boreal\/\",\"name\":\"Bor\u00e9al - eglantine-creations\",\"isPartOf\":{\"@id\":\"https:\/\/www.eglantine-creations.com\/de\/#website\"},\"datePublished\":\"2025-08-05T07:00:36+00:00\",\"dateModified\":\"2025-10-20T09:06:10+00:00\",\"breadcrumb\":{\"@id\":\"https:\/\/www.eglantine-creations.com\/de\/produit\/robe-de-mariee-boreal\/#breadcrumb\"},\"inLanguage\":\"de\",\"potentialAction\":[{\"@type\":\"ReadAction\",\"target\":[\"https:\/\/www.eglantine-creations.com\/de\/produit\/robe-de-mariee-boreal\/\"]}]},{\"@type\":\"BreadcrumbList\",\"@id\":\"https:\/\/www.eglantine-creations.com\/de\/produit\/robe-de-mariee-boreal\/#breadcrumb\",\"itemListElement\":[{\"@type\":\"ListItem\",\"position\":1,\"name\":\"Accueil\",\"item\":\"https:\/\/www.eglantine-creations.com\/de\/\"},{\"@type\":\"ListItem\",\"position\":2,\"name\":\"Bor\u00e9al\"}]},{\"@type\":\"WebSite\",\"@id\":\"https:\/\/www.eglantine-creations.com\/de\/#website\",\"url\":\"https:\/\/www.eglantine-creations.com\/de\/\",\"name\":\"eglantine-creations\",\"description\":\"Un site utilisant Les sites d'\u00c9glantine Mariages Cr\u00e9ations\",\"publisher\":{\"@id\":\"https:\/\/www.eglantine-creations.com\/de\/#organization\"},\"potentialAction\":[{\"@type\":\"SearchAction\",\"target\":{\"@type\":\"EntryPoint\",\"urlTemplate\":\"https:\/\/www.eglantine-creations.com\/de\/?s={search_term_string}\"},\"query-input\":\"required name=search_term_string\"}],\"inLanguage\":\"de\"},{\"@type\":\"Organization\",\"@id\":\"https:\/\/www.eglantine-creations.com\/de\/#organization\",\"name\":\"eglantine-creations\",\"url\":\"https:\/\/www.eglantine-creations.com\/de\/\",\"logo\":{\"@type\":\"ImageObject\",\"inLanguage\":\"de\",\"@id\":\"https:\/\/www.eglantine-creations.com\/de\/#\/schema\/logo\/image\/\",\"url\":\"https:\/\/www.eglantine-creations.com\/wp-content\/uploads\/sites\/3\/2022\/09\/eglantine-creations.svg\",\"contentUrl\":\"https:\/\/www.eglantine-creations.com\/wp-content\/uploads\/sites\/3\/2022\/09\/eglantine-creations.svg\",\"width\":1187,\"height\":400,\"caption\":\"eglantine-creations\"},\"image\":{\"@id\":\"https:\/\/www.eglantine-creations.com\/de\/#\/schema\/logo\/image\/\"}}]}<\/script>\n<!-- \/ Yoast SEO plugin. -->","yoast_head_json":{"title":"Bor\u00e9al - eglantine-creations","robots":{"index":"index","follow":"follow","max-snippet":"max-snippet:-1","max-image-preview":"max-image-preview:large","max-video-preview":"max-video-preview:-1"},"canonical":"https:\/\/www.eglantine-creations.com\/de\/produit\/robe-de-mariee-boreal\/","og_locale":"de_DE","og_type":"article","og_title":"Bor\u00e9al - eglantine-creations","og_description":"Beaucoup de raffinement pour cette robe \u00e0 la jupe l\u00e9g\u00e8re en tulle et au bustier en dentelle enti\u00e8rement brod\u00e9e de perles. Les \u00e9paules sont couvertes et le d\u00e9collet\u00e9 plongeant devant et au dos. Une robe romantique qui met en valeur toutes les silhouettes.","og_url":"https:\/\/www.eglantine-creations.com\/de\/produit\/robe-de-mariee-boreal\/","og_site_name":"eglantine-creations","article_modified_time":"2025-10-20T09:06:10+00:00","og_image":[{"width":2668,"height":4000,"url":"https:\/\/www.eglantine-creations.com\/wp-content\/uploads\/sites\/3\/2025\/08\/BOREAL-2370-scaled.jpg","type":"image\/jpeg"}],"twitter_card":"summary_large_image","twitter_misc":{"Gesch\u00e4tzte Lesezeit":"1\u00a0Minute"},"schema":{"@context":"https:\/\/schema.org","@graph":[{"@type":"WebPage","@id":"https:\/\/www.eglantine-creations.com\/de\/produit\/robe-de-mariee-boreal\/","url":"https:\/\/www.eglantine-creations.com\/de\/produit\/robe-de-mariee-boreal\/","name":"Bor\u00e9al - eglantine-creations","isPartOf":{"@id":"https:\/\/www.eglantine-creations.com\/de\/#website"},"datePublished":"2025-08-05T07:00:36+00:00","dateModified":"2025-10-20T09:06:10+00:00","breadcrumb":{"@id":"https:\/\/www.eglantine-creations.com\/de\/produit\/robe-de-mariee-boreal\/#breadcrumb"},"inLanguage":"de","potentialAction":[{"@type":"ReadAction","target":["https:\/\/www.eglantine-creations.com\/de\/produit\/robe-de-mariee-boreal\/"]}]},{"@type":"BreadcrumbList","@id":"https:\/\/www.eglantine-creations.com\/de\/produit\/robe-de-mariee-boreal\/#breadcrumb","itemListElement":[{"@type":"ListItem","position":1,"name":"Accueil","item":"https:\/\/www.eglantine-creations.com\/de\/"},{"@type":"ListItem","position":2,"name":"Bor\u00e9al"}]},{"@type":"WebSite","@id":"https:\/\/www.eglantine-creations.com\/de\/#website","url":"https:\/\/www.eglantine-creations.com\/de\/","name":"eglantine-creations","description":"Un site utilisant Les sites d'\u00c9glantine Mariages Cr\u00e9ations","publisher":{"@id":"https:\/\/www.eglantine-creations.com\/de\/#organization"},"potentialAction":[{"@type":"SearchAction","target":{"@type":"EntryPoint","urlTemplate":"https:\/\/www.eglantine-creations.com\/de\/?s={search_term_string}"},"query-input":"required name=search_term_string"}],"inLanguage":"de"},{"@type":"Organization","@id":"https:\/\/www.eglantine-creations.com\/de\/#organization","name":"eglantine-creations","url":"https:\/\/www.eglantine-creations.com\/de\/","logo":{"@type":"ImageObject","inLanguage":"de","@id":"https:\/\/www.eglantine-creations.com\/de\/#\/schema\/logo\/image\/","url":"https:\/\/www.eglantine-creations.com\/wp-content\/uploads\/sites\/3\/2022\/09\/eglantine-creations.svg","contentUrl":"https:\/\/www.eglantine-creations.com\/wp-content\/uploads\/sites\/3\/2022\/09\/eglantine-creations.svg","width":1187,"height":400,"caption":"eglantine-creations"},"image":{"@id":"https:\/\/www.eglantine-creations.com\/de\/#\/schema\/logo\/image\/"}}]}},"_links":{"self":[{"href":"https:\/\/www.eglantine-creations.com\/de\/wp-json\/wp\/v2\/product\/6630"}],"collection":[{"href":"https:\/\/www.eglantine-creations.com\/de\/wp-json\/wp\/v2\/product"}],"about":[{"href":"https:\/\/www.eglantine-creations.com\/de\/wp-json\/wp\/v2\/types\/product"}],"wp:featuredmedia":[{"embeddable":true,"href":"https:\/\/www.eglantine-creations.com\/de\/wp-json\/wp\/v2\/media\/6631"}],"wp:attachment":[{"href":"https:\/\/www.eglantine-creations.com\/de\/wp-json\/wp\/v2\/media?parent=6630"}],"wp:term":[{"taxonomy":"product_cat","embeddable":true,"href":"https:\/\/www.eglantine-creations.com\/de\/wp-json\/wp\/v2\/product_cat?post=6630"},{"taxonomy":"product_tag","embeddable":true,"href":"https:\/\/www.eglantine-creations.com\/de\/wp-json\/wp\/v2\/product_tag?post=6630"}],"curies":[{"name":"wp","href":"https:\/\/api.w.org\/{rel}","templated":true}]}}