{"id":4947,"date":"2024-07-15T09:40:18","date_gmt":"2024-07-15T07:40:18","guid":{"rendered":"https:\/\/www.eglantine-creations.com\/?post_type=product&#038;p=4947"},"modified":"2024-08-06T11:45:03","modified_gmt":"2024-08-06T09:45:03","slug":"luxe","status":"publish","type":"product","link":"https:\/\/www.eglantine-creations.com\/en\/produit\/luxe\/","title":{"rendered":"Luxe"},"content":{"rendered":"<p>Coloris : ivoire I blanc Taille : du 34 au 70 <br \/> Voile VE225575 vendu s\u00e9par\u00e9ment<\/p>\n","protected":false},"excerpt":{"rendered":"<p>Une robe de bal \u00e9blouissante en twill. Le d\u00e9collet\u00e9 profond met en valeur le buste et les bretelles retombantes incrust\u00e9es de perles d\u00e9nudent les \u00e9paules dans un mouvement \u00e9l\u00e9gant. Les plis de la jupe et la fine ceinture perl\u00e9e marquent la taille. Une robe aux touches modernes qui conviendra \u00e0 toutes les silhouettes.<\/p>\n","protected":false},"featured_media":4954,"template":"","meta":[],"product_cat":[59],"product_tag":[],"acf":[],"yoast_head":"<!-- This site is optimized with the Yoast SEO plugin v20.3 - https:\/\/yoast.com\/wordpress\/plugins\/seo\/ -->\n<title>Luxe - eglantine-creations<\/title>\n<meta name=\"robots\" content=\"index, follow, max-snippet:-1, max-image-preview:large, max-video-preview:-1\" \/>\n<link rel=\"canonical\" href=\"https:\/\/www.eglantine-creations.com\/en\/produit\/luxe\/\" \/>\n<meta property=\"og:locale\" content=\"en_US\" \/>\n<meta property=\"og:type\" content=\"article\" \/>\n<meta property=\"og:title\" content=\"Luxe - eglantine-creations\" \/>\n<meta property=\"og:description\" content=\"Une robe de bal \u00e9blouissante en twill. Le d\u00e9collet\u00e9 profond met en valeur le buste et les bretelles retombantes incrust\u00e9es de perles d\u00e9nudent les \u00e9paules dans un mouvement \u00e9l\u00e9gant. Les plis de la jupe et la fine ceinture perl\u00e9e marquent la taille. Une robe aux touches modernes qui conviendra \u00e0 toutes les silhouettes.\" \/>\n<meta property=\"og:url\" content=\"https:\/\/www.eglantine-creations.com\/en\/produit\/luxe\/\" \/>\n<meta property=\"og:site_name\" content=\"eglantine-creations\" \/>\n<meta property=\"article:modified_time\" content=\"2024-08-06T09:45:03+00:00\" \/>\n<meta property=\"og:image\" content=\"https:\/\/www.eglantine-creations.com\/wp-content\/uploads\/sites\/3\/2024\/07\/LUXE_69901-BDef-scaled.jpg\" \/>\n\t<meta property=\"og:image:width\" content=\"2668\" \/>\n\t<meta property=\"og:image:height\" content=\"4000\" \/>\n\t<meta property=\"og:image:type\" content=\"image\/jpeg\" \/>\n<meta name=\"twitter:card\" content=\"summary_large_image\" \/>\n<meta name=\"twitter:label1\" content=\"Est. reading time\" \/>\n\t<meta name=\"twitter:data1\" content=\"1 minute\" \/>\n<script type=\"application\/ld+json\" class=\"yoast-schema-graph\">{\"@context\":\"https:\/\/schema.org\",\"@graph\":[{\"@type\":\"WebPage\",\"@id\":\"https:\/\/www.eglantine-creations.com\/en\/produit\/luxe\/\",\"url\":\"https:\/\/www.eglantine-creations.com\/en\/produit\/luxe\/\",\"name\":\"Luxe - eglantine-creations\",\"isPartOf\":{\"@id\":\"https:\/\/www.eglantine-creations.com\/en\/#website\"},\"datePublished\":\"2024-07-15T07:40:18+00:00\",\"dateModified\":\"2024-08-06T09:45:03+00:00\",\"breadcrumb\":{\"@id\":\"https:\/\/www.eglantine-creations.com\/en\/produit\/luxe\/#breadcrumb\"},\"inLanguage\":\"en-US\",\"potentialAction\":[{\"@type\":\"ReadAction\",\"target\":[\"https:\/\/www.eglantine-creations.com\/en\/produit\/luxe\/\"]}]},{\"@type\":\"BreadcrumbList\",\"@id\":\"https:\/\/www.eglantine-creations.com\/en\/produit\/luxe\/#breadcrumb\",\"itemListElement\":[{\"@type\":\"ListItem\",\"position\":1,\"name\":\"Accueil\",\"item\":\"https:\/\/www.eglantine-creations.com\/en\/\"},{\"@type\":\"ListItem\",\"position\":2,\"name\":\"Luxe\"}]},{\"@type\":\"WebSite\",\"@id\":\"https:\/\/www.eglantine-creations.com\/en\/#website\",\"url\":\"https:\/\/www.eglantine-creations.com\/en\/\",\"name\":\"eglantine-creations\",\"description\":\"Un site utilisant Les sites d'\u00c9glantine Mariages Cr\u00e9ations\",\"publisher\":{\"@id\":\"https:\/\/www.eglantine-creations.com\/en\/#organization\"},\"potentialAction\":[{\"@type\":\"SearchAction\",\"target\":{\"@type\":\"EntryPoint\",\"urlTemplate\":\"https:\/\/www.eglantine-creations.com\/en\/?s={search_term_string}\"},\"query-input\":\"required name=search_term_string\"}],\"inLanguage\":\"en-US\"},{\"@type\":\"Organization\",\"@id\":\"https:\/\/www.eglantine-creations.com\/en\/#organization\",\"name\":\"eglantine-creations\",\"url\":\"https:\/\/www.eglantine-creations.com\/en\/\",\"logo\":{\"@type\":\"ImageObject\",\"inLanguage\":\"en-US\",\"@id\":\"https:\/\/www.eglantine-creations.com\/en\/#\/schema\/logo\/image\/\",\"url\":\"https:\/\/www.eglantine-creations.com\/wp-content\/uploads\/sites\/3\/2022\/09\/eglantine-creations.svg\",\"contentUrl\":\"https:\/\/www.eglantine-creations.com\/wp-content\/uploads\/sites\/3\/2022\/09\/eglantine-creations.svg\",\"width\":1187,\"height\":400,\"caption\":\"eglantine-creations\"},\"image\":{\"@id\":\"https:\/\/www.eglantine-creations.com\/en\/#\/schema\/logo\/image\/\"}}]}<\/script>\n<!-- \/ Yoast SEO plugin. -->","yoast_head_json":{"title":"Luxe - eglantine-creations","robots":{"index":"index","follow":"follow","max-snippet":"max-snippet:-1","max-image-preview":"max-image-preview:large","max-video-preview":"max-video-preview:-1"},"canonical":"https:\/\/www.eglantine-creations.com\/en\/produit\/luxe\/","og_locale":"en_US","og_type":"article","og_title":"Luxe - eglantine-creations","og_description":"Une robe de bal \u00e9blouissante en twill. Le d\u00e9collet\u00e9 profond met en valeur le buste et les bretelles retombantes incrust\u00e9es de perles d\u00e9nudent les \u00e9paules dans un mouvement \u00e9l\u00e9gant. Les plis de la jupe et la fine ceinture perl\u00e9e marquent la taille. Une robe aux touches modernes qui conviendra \u00e0 toutes les silhouettes.","og_url":"https:\/\/www.eglantine-creations.com\/en\/produit\/luxe\/","og_site_name":"eglantine-creations","article_modified_time":"2024-08-06T09:45:03+00:00","og_image":[{"width":2668,"height":4000,"url":"https:\/\/www.eglantine-creations.com\/wp-content\/uploads\/sites\/3\/2024\/07\/LUXE_69901-BDef-scaled.jpg","type":"image\/jpeg"}],"twitter_card":"summary_large_image","twitter_misc":{"Est. reading time":"1 minute"},"schema":{"@context":"https:\/\/schema.org","@graph":[{"@type":"WebPage","@id":"https:\/\/www.eglantine-creations.com\/en\/produit\/luxe\/","url":"https:\/\/www.eglantine-creations.com\/en\/produit\/luxe\/","name":"Luxe - eglantine-creations","isPartOf":{"@id":"https:\/\/www.eglantine-creations.com\/en\/#website"},"datePublished":"2024-07-15T07:40:18+00:00","dateModified":"2024-08-06T09:45:03+00:00","breadcrumb":{"@id":"https:\/\/www.eglantine-creations.com\/en\/produit\/luxe\/#breadcrumb"},"inLanguage":"en-US","potentialAction":[{"@type":"ReadAction","target":["https:\/\/www.eglantine-creations.com\/en\/produit\/luxe\/"]}]},{"@type":"BreadcrumbList","@id":"https:\/\/www.eglantine-creations.com\/en\/produit\/luxe\/#breadcrumb","itemListElement":[{"@type":"ListItem","position":1,"name":"Accueil","item":"https:\/\/www.eglantine-creations.com\/en\/"},{"@type":"ListItem","position":2,"name":"Luxe"}]},{"@type":"WebSite","@id":"https:\/\/www.eglantine-creations.com\/en\/#website","url":"https:\/\/www.eglantine-creations.com\/en\/","name":"eglantine-creations","description":"Un site utilisant Les sites d'\u00c9glantine Mariages Cr\u00e9ations","publisher":{"@id":"https:\/\/www.eglantine-creations.com\/en\/#organization"},"potentialAction":[{"@type":"SearchAction","target":{"@type":"EntryPoint","urlTemplate":"https:\/\/www.eglantine-creations.com\/en\/?s={search_term_string}"},"query-input":"required name=search_term_string"}],"inLanguage":"en-US"},{"@type":"Organization","@id":"https:\/\/www.eglantine-creations.com\/en\/#organization","name":"eglantine-creations","url":"https:\/\/www.eglantine-creations.com\/en\/","logo":{"@type":"ImageObject","inLanguage":"en-US","@id":"https:\/\/www.eglantine-creations.com\/en\/#\/schema\/logo\/image\/","url":"https:\/\/www.eglantine-creations.com\/wp-content\/uploads\/sites\/3\/2022\/09\/eglantine-creations.svg","contentUrl":"https:\/\/www.eglantine-creations.com\/wp-content\/uploads\/sites\/3\/2022\/09\/eglantine-creations.svg","width":1187,"height":400,"caption":"eglantine-creations"},"image":{"@id":"https:\/\/www.eglantine-creations.com\/en\/#\/schema\/logo\/image\/"}}]}},"_links":{"self":[{"href":"https:\/\/www.eglantine-creations.com\/en\/wp-json\/wp\/v2\/product\/4947"}],"collection":[{"href":"https:\/\/www.eglantine-creations.com\/en\/wp-json\/wp\/v2\/product"}],"about":[{"href":"https:\/\/www.eglantine-creations.com\/en\/wp-json\/wp\/v2\/types\/product"}],"wp:featuredmedia":[{"embeddable":true,"href":"https:\/\/www.eglantine-creations.com\/en\/wp-json\/wp\/v2\/media\/4954"}],"wp:attachment":[{"href":"https:\/\/www.eglantine-creations.com\/en\/wp-json\/wp\/v2\/media?parent=4947"}],"wp:term":[{"taxonomy":"product_cat","embeddable":true,"href":"https:\/\/www.eglantine-creations.com\/en\/wp-json\/wp\/v2\/product_cat?post=4947"},{"taxonomy":"product_tag","embeddable":true,"href":"https:\/\/www.eglantine-creations.com\/en\/wp-json\/wp\/v2\/product_tag?post=4947"}],"curies":[{"name":"wp","href":"https:\/\/api.w.org\/{rel}","templated":true}]}}