{"id":6328,"date":"2025-08-05T10:00:22","date_gmt":"2025-08-05T08:00:22","guid":{"rendered":"https:\/\/www.eglantine-creations.com\/produit\/baccarat\/"},"modified":"2025-10-20T10:59:02","modified_gmt":"2025-10-20T08:59:02","slug":"robe-de-mariee-baccarat","status":"publish","type":"product","link":"https:\/\/www.eglantine-creations.com\/en\/produit\/robe-de-mariee-baccarat\/","title":{"rendered":"Baccarat"},"content":{"rendered":"<p>Coloris : ivoire. Tailles : du 34 au 70<\/p>\n","protected":false},"excerpt":{"rendered":"<p>Une robe ample et structur\u00e9e qui souligne la taille et le buste. La sobri\u00e9t\u00e9 de la jupe en mikado contraste avec la richesse du haut parsem\u00e9 de dentelles en forme de fleurs. Le dos carr\u00e9 sublime la cambrure.<\/p>\n","protected":false},"featured_media":6332,"template":"","meta":[],"product_cat":[59],"product_tag":[],"acf":[],"yoast_head":"<!-- This site is optimized with the Yoast SEO plugin v20.3 - https:\/\/yoast.com\/wordpress\/plugins\/seo\/ -->\n<title>Baccarat - eglantine-creations<\/title>\n<meta name=\"robots\" content=\"index, follow, max-snippet:-1, max-image-preview:large, max-video-preview:-1\" \/>\n<link rel=\"canonical\" href=\"https:\/\/www.eglantine-creations.com\/en\/produit\/robe-de-mariee-baccarat\/\" \/>\n<meta property=\"og:locale\" content=\"en_US\" \/>\n<meta property=\"og:type\" content=\"article\" \/>\n<meta property=\"og:title\" content=\"Baccarat - eglantine-creations\" \/>\n<meta property=\"og:description\" content=\"Une robe ample et structur\u00e9e qui souligne la taille et le buste. La sobri\u00e9t\u00e9 de la jupe en mikado contraste avec la richesse du haut parsem\u00e9 de dentelles en forme de fleurs. Le dos carr\u00e9 sublime la cambrure.\" \/>\n<meta property=\"og:url\" content=\"https:\/\/www.eglantine-creations.com\/en\/produit\/robe-de-mariee-baccarat\/\" \/>\n<meta property=\"og:site_name\" content=\"eglantine-creations\" \/>\n<meta property=\"article:modified_time\" content=\"2025-10-20T08:59:02+00:00\" \/>\n<meta property=\"og:image\" content=\"https:\/\/www.eglantine-creations.com\/wp-content\/uploads\/sites\/3\/2025\/08\/BACCARA-2831-scaled.jpg\" \/>\n\t<meta property=\"og:image:width\" content=\"2668\" \/>\n\t<meta property=\"og:image:height\" content=\"4000\" \/>\n\t<meta property=\"og:image:type\" content=\"image\/jpeg\" \/>\n<meta name=\"twitter:card\" content=\"summary_large_image\" \/>\n<meta name=\"twitter:label1\" content=\"Est. reading time\" \/>\n\t<meta name=\"twitter:data1\" content=\"1 minute\" \/>\n<script type=\"application\/ld+json\" class=\"yoast-schema-graph\">{\"@context\":\"https:\/\/schema.org\",\"@graph\":[{\"@type\":\"WebPage\",\"@id\":\"https:\/\/www.eglantine-creations.com\/en\/produit\/robe-de-mariee-baccarat\/\",\"url\":\"https:\/\/www.eglantine-creations.com\/en\/produit\/robe-de-mariee-baccarat\/\",\"name\":\"Baccarat - eglantine-creations\",\"isPartOf\":{\"@id\":\"https:\/\/www.eglantine-creations.com\/en\/#website\"},\"datePublished\":\"2025-08-05T08:00:22+00:00\",\"dateModified\":\"2025-10-20T08:59:02+00:00\",\"breadcrumb\":{\"@id\":\"https:\/\/www.eglantine-creations.com\/en\/produit\/robe-de-mariee-baccarat\/#breadcrumb\"},\"inLanguage\":\"en-US\",\"potentialAction\":[{\"@type\":\"ReadAction\",\"target\":[\"https:\/\/www.eglantine-creations.com\/en\/produit\/robe-de-mariee-baccarat\/\"]}]},{\"@type\":\"BreadcrumbList\",\"@id\":\"https:\/\/www.eglantine-creations.com\/en\/produit\/robe-de-mariee-baccarat\/#breadcrumb\",\"itemListElement\":[{\"@type\":\"ListItem\",\"position\":1,\"name\":\"Accueil\",\"item\":\"https:\/\/www.eglantine-creations.com\/en\/\"},{\"@type\":\"ListItem\",\"position\":2,\"name\":\"Baccarat\"}]},{\"@type\":\"WebSite\",\"@id\":\"https:\/\/www.eglantine-creations.com\/en\/#website\",\"url\":\"https:\/\/www.eglantine-creations.com\/en\/\",\"name\":\"eglantine-creations\",\"description\":\"Un site utilisant Les sites d'\u00c9glantine Mariages Cr\u00e9ations\",\"publisher\":{\"@id\":\"https:\/\/www.eglantine-creations.com\/en\/#organization\"},\"potentialAction\":[{\"@type\":\"SearchAction\",\"target\":{\"@type\":\"EntryPoint\",\"urlTemplate\":\"https:\/\/www.eglantine-creations.com\/en\/?s={search_term_string}\"},\"query-input\":\"required name=search_term_string\"}],\"inLanguage\":\"en-US\"},{\"@type\":\"Organization\",\"@id\":\"https:\/\/www.eglantine-creations.com\/en\/#organization\",\"name\":\"eglantine-creations\",\"url\":\"https:\/\/www.eglantine-creations.com\/en\/\",\"logo\":{\"@type\":\"ImageObject\",\"inLanguage\":\"en-US\",\"@id\":\"https:\/\/www.eglantine-creations.com\/en\/#\/schema\/logo\/image\/\",\"url\":\"https:\/\/www.eglantine-creations.com\/wp-content\/uploads\/sites\/3\/2022\/09\/eglantine-creations.svg\",\"contentUrl\":\"https:\/\/www.eglantine-creations.com\/wp-content\/uploads\/sites\/3\/2022\/09\/eglantine-creations.svg\",\"width\":1187,\"height\":400,\"caption\":\"eglantine-creations\"},\"image\":{\"@id\":\"https:\/\/www.eglantine-creations.com\/en\/#\/schema\/logo\/image\/\"}}]}<\/script>\n<!-- \/ Yoast SEO plugin. -->","yoast_head_json":{"title":"Baccarat - eglantine-creations","robots":{"index":"index","follow":"follow","max-snippet":"max-snippet:-1","max-image-preview":"max-image-preview:large","max-video-preview":"max-video-preview:-1"},"canonical":"https:\/\/www.eglantine-creations.com\/en\/produit\/robe-de-mariee-baccarat\/","og_locale":"en_US","og_type":"article","og_title":"Baccarat - eglantine-creations","og_description":"Une robe ample et structur\u00e9e qui souligne la taille et le buste. La sobri\u00e9t\u00e9 de la jupe en mikado contraste avec la richesse du haut parsem\u00e9 de dentelles en forme de fleurs. Le dos carr\u00e9 sublime la cambrure.","og_url":"https:\/\/www.eglantine-creations.com\/en\/produit\/robe-de-mariee-baccarat\/","og_site_name":"eglantine-creations","article_modified_time":"2025-10-20T08:59:02+00:00","og_image":[{"width":2668,"height":4000,"url":"https:\/\/www.eglantine-creations.com\/wp-content\/uploads\/sites\/3\/2025\/08\/BACCARA-2831-scaled.jpg","type":"image\/jpeg"}],"twitter_card":"summary_large_image","twitter_misc":{"Est. reading time":"1 minute"},"schema":{"@context":"https:\/\/schema.org","@graph":[{"@type":"WebPage","@id":"https:\/\/www.eglantine-creations.com\/en\/produit\/robe-de-mariee-baccarat\/","url":"https:\/\/www.eglantine-creations.com\/en\/produit\/robe-de-mariee-baccarat\/","name":"Baccarat - eglantine-creations","isPartOf":{"@id":"https:\/\/www.eglantine-creations.com\/en\/#website"},"datePublished":"2025-08-05T08:00:22+00:00","dateModified":"2025-10-20T08:59:02+00:00","breadcrumb":{"@id":"https:\/\/www.eglantine-creations.com\/en\/produit\/robe-de-mariee-baccarat\/#breadcrumb"},"inLanguage":"en-US","potentialAction":[{"@type":"ReadAction","target":["https:\/\/www.eglantine-creations.com\/en\/produit\/robe-de-mariee-baccarat\/"]}]},{"@type":"BreadcrumbList","@id":"https:\/\/www.eglantine-creations.com\/en\/produit\/robe-de-mariee-baccarat\/#breadcrumb","itemListElement":[{"@type":"ListItem","position":1,"name":"Accueil","item":"https:\/\/www.eglantine-creations.com\/en\/"},{"@type":"ListItem","position":2,"name":"Baccarat"}]},{"@type":"WebSite","@id":"https:\/\/www.eglantine-creations.com\/en\/#website","url":"https:\/\/www.eglantine-creations.com\/en\/","name":"eglantine-creations","description":"Un site utilisant Les sites d'\u00c9glantine Mariages Cr\u00e9ations","publisher":{"@id":"https:\/\/www.eglantine-creations.com\/en\/#organization"},"potentialAction":[{"@type":"SearchAction","target":{"@type":"EntryPoint","urlTemplate":"https:\/\/www.eglantine-creations.com\/en\/?s={search_term_string}"},"query-input":"required name=search_term_string"}],"inLanguage":"en-US"},{"@type":"Organization","@id":"https:\/\/www.eglantine-creations.com\/en\/#organization","name":"eglantine-creations","url":"https:\/\/www.eglantine-creations.com\/en\/","logo":{"@type":"ImageObject","inLanguage":"en-US","@id":"https:\/\/www.eglantine-creations.com\/en\/#\/schema\/logo\/image\/","url":"https:\/\/www.eglantine-creations.com\/wp-content\/uploads\/sites\/3\/2022\/09\/eglantine-creations.svg","contentUrl":"https:\/\/www.eglantine-creations.com\/wp-content\/uploads\/sites\/3\/2022\/09\/eglantine-creations.svg","width":1187,"height":400,"caption":"eglantine-creations"},"image":{"@id":"https:\/\/www.eglantine-creations.com\/en\/#\/schema\/logo\/image\/"}}]}},"_links":{"self":[{"href":"https:\/\/www.eglantine-creations.com\/en\/wp-json\/wp\/v2\/product\/6328"}],"collection":[{"href":"https:\/\/www.eglantine-creations.com\/en\/wp-json\/wp\/v2\/product"}],"about":[{"href":"https:\/\/www.eglantine-creations.com\/en\/wp-json\/wp\/v2\/types\/product"}],"wp:featuredmedia":[{"embeddable":true,"href":"https:\/\/www.eglantine-creations.com\/en\/wp-json\/wp\/v2\/media\/6332"}],"wp:attachment":[{"href":"https:\/\/www.eglantine-creations.com\/en\/wp-json\/wp\/v2\/media?parent=6328"}],"wp:term":[{"taxonomy":"product_cat","embeddable":true,"href":"https:\/\/www.eglantine-creations.com\/en\/wp-json\/wp\/v2\/product_cat?post=6328"},{"taxonomy":"product_tag","embeddable":true,"href":"https:\/\/www.eglantine-creations.com\/en\/wp-json\/wp\/v2\/product_tag?post=6328"}],"curies":[{"name":"wp","href":"https:\/\/api.w.org\/{rel}","templated":true}]}}