{"id":6450,"date":"2025-08-05T10:00:28","date_gmt":"2025-08-05T08:00:28","guid":{"rendered":"https:\/\/www.eglantine-creations.com\/produit\/belmira\/"},"modified":"2025-10-20T11:02:17","modified_gmt":"2025-10-20T09:02:17","slug":"robe-de-mariee-belmira","status":"publish","type":"product","link":"https:\/\/www.eglantine-creations.com\/en\/produit\/robe-de-mariee-belmira\/","title":{"rendered":"Belmira"},"content":{"rendered":"<p>Coloris : ivoire. Tailles : du 34 au 60<\/p>\n","protected":false},"excerpt":{"rendered":"<p>Pour toutes celles qui veulent porter une robe sir\u00e8ne ! Cette robe moulant les hanches et laissant les cuisses plus libres conviendra aussi aux grandes tailles. F\u00e9minine avec son bustier \u00e0 l\u2019esprit lingerie et sa dentelle enrichie de sequins, elle pr\u00e9sente un tissu d\u2019aspect mat qui apporte de l\u2019\u00e9pure et de la fraicheur.<\/p>\n","protected":false},"featured_media":6451,"template":"","meta":[],"product_cat":[59],"product_tag":[],"acf":[],"yoast_head":"<!-- This site is optimized with the Yoast SEO plugin v20.3 - https:\/\/yoast.com\/wordpress\/plugins\/seo\/ -->\n<title>Belmira - eglantine-creations<\/title>\n<meta name=\"robots\" content=\"index, follow, max-snippet:-1, max-image-preview:large, max-video-preview:-1\" \/>\n<link rel=\"canonical\" href=\"https:\/\/www.eglantine-creations.com\/en\/produit\/robe-de-mariee-belmira\/\" \/>\n<meta property=\"og:locale\" content=\"en_US\" \/>\n<meta property=\"og:type\" content=\"article\" \/>\n<meta property=\"og:title\" content=\"Belmira - eglantine-creations\" \/>\n<meta property=\"og:description\" content=\"Pour toutes celles qui veulent porter une robe sir\u00e8ne ! Cette robe moulant les hanches et laissant les cuisses plus libres conviendra aussi aux grandes tailles. F\u00e9minine avec son bustier \u00e0 l\u2019esprit lingerie et sa dentelle enrichie de sequins, elle pr\u00e9sente un tissu d\u2019aspect mat qui apporte de l\u2019\u00e9pure et de la fraicheur.\" \/>\n<meta property=\"og:url\" content=\"https:\/\/www.eglantine-creations.com\/en\/produit\/robe-de-mariee-belmira\/\" \/>\n<meta property=\"og:site_name\" content=\"eglantine-creations\" \/>\n<meta property=\"article:modified_time\" content=\"2025-10-20T09:02:17+00:00\" \/>\n<meta property=\"og:image\" content=\"https:\/\/www.eglantine-creations.com\/wp-content\/uploads\/sites\/3\/2025\/08\/BELMIRA-1303-scaled.jpg\" \/>\n\t<meta property=\"og:image:width\" content=\"2668\" \/>\n\t<meta property=\"og:image:height\" content=\"4000\" \/>\n\t<meta property=\"og:image:type\" content=\"image\/jpeg\" \/>\n<meta name=\"twitter:card\" content=\"summary_large_image\" \/>\n<meta name=\"twitter:label1\" content=\"Est. reading time\" \/>\n\t<meta name=\"twitter:data1\" content=\"1 minute\" \/>\n<script type=\"application\/ld+json\" class=\"yoast-schema-graph\">{\"@context\":\"https:\/\/schema.org\",\"@graph\":[{\"@type\":\"WebPage\",\"@id\":\"https:\/\/www.eglantine-creations.com\/en\/produit\/robe-de-mariee-belmira\/\",\"url\":\"https:\/\/www.eglantine-creations.com\/en\/produit\/robe-de-mariee-belmira\/\",\"name\":\"Belmira - eglantine-creations\",\"isPartOf\":{\"@id\":\"https:\/\/www.eglantine-creations.com\/en\/#website\"},\"datePublished\":\"2025-08-05T08:00:28+00:00\",\"dateModified\":\"2025-10-20T09:02:17+00:00\",\"breadcrumb\":{\"@id\":\"https:\/\/www.eglantine-creations.com\/en\/produit\/robe-de-mariee-belmira\/#breadcrumb\"},\"inLanguage\":\"en-US\",\"potentialAction\":[{\"@type\":\"ReadAction\",\"target\":[\"https:\/\/www.eglantine-creations.com\/en\/produit\/robe-de-mariee-belmira\/\"]}]},{\"@type\":\"BreadcrumbList\",\"@id\":\"https:\/\/www.eglantine-creations.com\/en\/produit\/robe-de-mariee-belmira\/#breadcrumb\",\"itemListElement\":[{\"@type\":\"ListItem\",\"position\":1,\"name\":\"Accueil\",\"item\":\"https:\/\/www.eglantine-creations.com\/en\/\"},{\"@type\":\"ListItem\",\"position\":2,\"name\":\"Belmira\"}]},{\"@type\":\"WebSite\",\"@id\":\"https:\/\/www.eglantine-creations.com\/en\/#website\",\"url\":\"https:\/\/www.eglantine-creations.com\/en\/\",\"name\":\"eglantine-creations\",\"description\":\"Un site utilisant Les sites d'\u00c9glantine Mariages Cr\u00e9ations\",\"publisher\":{\"@id\":\"https:\/\/www.eglantine-creations.com\/en\/#organization\"},\"potentialAction\":[{\"@type\":\"SearchAction\",\"target\":{\"@type\":\"EntryPoint\",\"urlTemplate\":\"https:\/\/www.eglantine-creations.com\/en\/?s={search_term_string}\"},\"query-input\":\"required name=search_term_string\"}],\"inLanguage\":\"en-US\"},{\"@type\":\"Organization\",\"@id\":\"https:\/\/www.eglantine-creations.com\/en\/#organization\",\"name\":\"eglantine-creations\",\"url\":\"https:\/\/www.eglantine-creations.com\/en\/\",\"logo\":{\"@type\":\"ImageObject\",\"inLanguage\":\"en-US\",\"@id\":\"https:\/\/www.eglantine-creations.com\/en\/#\/schema\/logo\/image\/\",\"url\":\"https:\/\/www.eglantine-creations.com\/wp-content\/uploads\/sites\/3\/2022\/09\/eglantine-creations.svg\",\"contentUrl\":\"https:\/\/www.eglantine-creations.com\/wp-content\/uploads\/sites\/3\/2022\/09\/eglantine-creations.svg\",\"width\":1187,\"height\":400,\"caption\":\"eglantine-creations\"},\"image\":{\"@id\":\"https:\/\/www.eglantine-creations.com\/en\/#\/schema\/logo\/image\/\"}}]}<\/script>\n<!-- \/ Yoast SEO plugin. -->","yoast_head_json":{"title":"Belmira - eglantine-creations","robots":{"index":"index","follow":"follow","max-snippet":"max-snippet:-1","max-image-preview":"max-image-preview:large","max-video-preview":"max-video-preview:-1"},"canonical":"https:\/\/www.eglantine-creations.com\/en\/produit\/robe-de-mariee-belmira\/","og_locale":"en_US","og_type":"article","og_title":"Belmira - eglantine-creations","og_description":"Pour toutes celles qui veulent porter une robe sir\u00e8ne ! Cette robe moulant les hanches et laissant les cuisses plus libres conviendra aussi aux grandes tailles. F\u00e9minine avec son bustier \u00e0 l\u2019esprit lingerie et sa dentelle enrichie de sequins, elle pr\u00e9sente un tissu d\u2019aspect mat qui apporte de l\u2019\u00e9pure et de la fraicheur.","og_url":"https:\/\/www.eglantine-creations.com\/en\/produit\/robe-de-mariee-belmira\/","og_site_name":"eglantine-creations","article_modified_time":"2025-10-20T09:02:17+00:00","og_image":[{"width":2668,"height":4000,"url":"https:\/\/www.eglantine-creations.com\/wp-content\/uploads\/sites\/3\/2025\/08\/BELMIRA-1303-scaled.jpg","type":"image\/jpeg"}],"twitter_card":"summary_large_image","twitter_misc":{"Est. reading time":"1 minute"},"schema":{"@context":"https:\/\/schema.org","@graph":[{"@type":"WebPage","@id":"https:\/\/www.eglantine-creations.com\/en\/produit\/robe-de-mariee-belmira\/","url":"https:\/\/www.eglantine-creations.com\/en\/produit\/robe-de-mariee-belmira\/","name":"Belmira - eglantine-creations","isPartOf":{"@id":"https:\/\/www.eglantine-creations.com\/en\/#website"},"datePublished":"2025-08-05T08:00:28+00:00","dateModified":"2025-10-20T09:02:17+00:00","breadcrumb":{"@id":"https:\/\/www.eglantine-creations.com\/en\/produit\/robe-de-mariee-belmira\/#breadcrumb"},"inLanguage":"en-US","potentialAction":[{"@type":"ReadAction","target":["https:\/\/www.eglantine-creations.com\/en\/produit\/robe-de-mariee-belmira\/"]}]},{"@type":"BreadcrumbList","@id":"https:\/\/www.eglantine-creations.com\/en\/produit\/robe-de-mariee-belmira\/#breadcrumb","itemListElement":[{"@type":"ListItem","position":1,"name":"Accueil","item":"https:\/\/www.eglantine-creations.com\/en\/"},{"@type":"ListItem","position":2,"name":"Belmira"}]},{"@type":"WebSite","@id":"https:\/\/www.eglantine-creations.com\/en\/#website","url":"https:\/\/www.eglantine-creations.com\/en\/","name":"eglantine-creations","description":"Un site utilisant Les sites d'\u00c9glantine Mariages Cr\u00e9ations","publisher":{"@id":"https:\/\/www.eglantine-creations.com\/en\/#organization"},"potentialAction":[{"@type":"SearchAction","target":{"@type":"EntryPoint","urlTemplate":"https:\/\/www.eglantine-creations.com\/en\/?s={search_term_string}"},"query-input":"required name=search_term_string"}],"inLanguage":"en-US"},{"@type":"Organization","@id":"https:\/\/www.eglantine-creations.com\/en\/#organization","name":"eglantine-creations","url":"https:\/\/www.eglantine-creations.com\/en\/","logo":{"@type":"ImageObject","inLanguage":"en-US","@id":"https:\/\/www.eglantine-creations.com\/en\/#\/schema\/logo\/image\/","url":"https:\/\/www.eglantine-creations.com\/wp-content\/uploads\/sites\/3\/2022\/09\/eglantine-creations.svg","contentUrl":"https:\/\/www.eglantine-creations.com\/wp-content\/uploads\/sites\/3\/2022\/09\/eglantine-creations.svg","width":1187,"height":400,"caption":"eglantine-creations"},"image":{"@id":"https:\/\/www.eglantine-creations.com\/en\/#\/schema\/logo\/image\/"}}]}},"_links":{"self":[{"href":"https:\/\/www.eglantine-creations.com\/en\/wp-json\/wp\/v2\/product\/6450"}],"collection":[{"href":"https:\/\/www.eglantine-creations.com\/en\/wp-json\/wp\/v2\/product"}],"about":[{"href":"https:\/\/www.eglantine-creations.com\/en\/wp-json\/wp\/v2\/types\/product"}],"wp:featuredmedia":[{"embeddable":true,"href":"https:\/\/www.eglantine-creations.com\/en\/wp-json\/wp\/v2\/media\/6451"}],"wp:attachment":[{"href":"https:\/\/www.eglantine-creations.com\/en\/wp-json\/wp\/v2\/media?parent=6450"}],"wp:term":[{"taxonomy":"product_cat","embeddable":true,"href":"https:\/\/www.eglantine-creations.com\/en\/wp-json\/wp\/v2\/product_cat?post=6450"},{"taxonomy":"product_tag","embeddable":true,"href":"https:\/\/www.eglantine-creations.com\/en\/wp-json\/wp\/v2\/product_tag?post=6450"}],"curies":[{"name":"wp","href":"https:\/\/api.w.org\/{rel}","templated":true}]}}